{"id":9,"date":"2018-03-17T02:42:37","date_gmt":"2018-03-17T02:42:37","guid":{"rendered":"https:\/\/muncle.pt\/pt\/?page_id=9"},"modified":"2022-11-24T18:43:57","modified_gmt":"2022-11-24T18:43:57","slug":"contacto","status":"publish","type":"page","link":"https:\/\/muncle.pt\/pt\/contacto\/","title":{"rendered":"Contacto"},"content":{"rendered":"<p><strong>Endere\u00e7o<\/strong><\/p>\n<p>Avenida Comendador Augusto Martins 1128<br \/>\n1\u00ba \u00a0andar<br \/>\n3740-254 Sever do Vouga<br \/>\nPORTUGAL<\/p>\n<p><strong>Hor\u00e1rio<\/strong><br \/>\nSegunda \u2013 sexta: 9:00\u201317:00<\/p>\n<p><strong>Telefone<\/strong><br \/>\n(+351) 925 004 812 *<br \/>\n*Chamada para rede m\u00f3vel nacional<\/p>\n<p><a href=\"https:\/\/muncle.pt\/pt\/formulario-de-contacto\/\">Formul\u00e1rio de contacto<\/a><\/p>\n<p><a href=\"https:\/\/muncle.pt\/pt\/politica-de-privacidade\/\">Pol\u00edticas de privacidade e de tratamento de dados<\/a><\/p>\n<p><a href=\"http:\/\/www.livroreclamacoes.pt\" target=\"_blank\" rel=\"noopener noreferrer\"><strong>Livro de Reclama\u00e7\u00f5es Eletr\u00f3nico<\/strong><\/a><\/p>\n","protected":false},"excerpt":{"rendered":"<p>Endere\u00e7o Avenida Comendador Augusto Martins 1128 1\u00ba \u00a0andar 3740-254 Sever do Vouga PORTUGAL Hor\u00e1rio Segunda \u2013 sexta: 9:00\u201317:00 Telefone (+351) 925 004 812 * *Chamada para rede m\u00f3vel nacional Formul\u00e1rio de contacto Pol\u00edticas de privacidade e de tratamento de dados Livro de Reclama\u00e7\u00f5es Eletr\u00f3nico<\/p>\n","protected":false},"author":1,"featured_media":49,"parent":0,"menu_order":0,"comment_status":"closed","ping_status":"closed","template":"","meta":{"footnotes":""},"class_list":["post-9","page","type-page","status-publish","has-post-thumbnail","hentry"],"_links":{"self":[{"href":"https:\/\/muncle.pt\/pt\/wp-json\/wp\/v2\/pages\/9","targetHints":{"allow":["GET"]}}],"collection":[{"href":"https:\/\/muncle.pt\/pt\/wp-json\/wp\/v2\/pages"}],"about":[{"href":"https:\/\/muncle.pt\/pt\/wp-json\/wp\/v2\/types\/page"}],"author":[{"embeddable":true,"href":"https:\/\/muncle.pt\/pt\/wp-json\/wp\/v2\/users\/1"}],"replies":[{"embeddable":true,"href":"https:\/\/muncle.pt\/pt\/wp-json\/wp\/v2\/comments?post=9"}],"version-history":[{"count":34,"href":"https:\/\/muncle.pt\/pt\/wp-json\/wp\/v2\/pages\/9\/revisions"}],"predecessor-version":[{"id":299,"href":"https:\/\/muncle.pt\/pt\/wp-json\/wp\/v2\/pages\/9\/revisions\/299"}],"wp:featuredmedia":[{"embeddable":true,"href":"https:\/\/muncle.pt\/pt\/wp-json\/wp\/v2\/media\/49"}],"wp:attachment":[{"href":"https:\/\/muncle.pt\/pt\/wp-json\/wp\/v2\/media?parent=9"}],"curies":[{"name":"wp","href":"https:\/\/api.w.org\/{rel}","templated":true}]}}