{"id":7,"date":"2018-03-17T02:42:37","date_gmt":"2018-03-17T02:42:37","guid":{"rendered":"https:\/\/muncle.pt\/pt\/?page_id=7"},"modified":"2020-01-20T15:05:46","modified_gmt":"2020-01-20T15:05:46","slug":"inicio","status":"publish","type":"page","link":"https:\/\/muncle.pt\/pt\/","title":{"rendered":"Muncle"},"content":{"rendered":"<p>&#8220;muncle&#8221; \u00e9 um est\u00fadio independente com sede em Portugal.<\/p>\n<p>O nosso objetivo \u00e9 fornecer um servi\u00e7o personalizado, explorando todos os campos criativos para redefinir padr\u00f5es, trazendo novos objetivos e oportunidades.<\/p>\n<p>Dedicamo-nos \u00e0 Consultoria, Arquitetura, Interiores, 3D, Visualiza\u00e7\u00e3o 3D, Cria\u00e7\u00e3o de Marcas, Publicidade, Design Gr\u00e1fico, Design Interativo, Web Design, Embalagem, Ambientes, Editorial, &#8220;Motion Graphics&#8221;, &#8220;Mobile Design&#8221;<\/p>\n\n\n<p><\/p>\n","protected":false},"excerpt":{"rendered":"<p>&#8220;muncle&#8221; \u00e9 um est\u00fadio independente com sede em Portugal. O nosso objetivo \u00e9 fornecer um servi\u00e7o personalizado, explorando todos os campos criativos para redefinir padr\u00f5es, trazendo novos objetivos e oportunidades. Dedicamo-nos \u00e0 Consultoria, Arquitetura, Interiores, 3D, Visualiza\u00e7\u00e3o 3D, Cria\u00e7\u00e3o de Marcas, Publicidade, Design Gr\u00e1fico, Design Interativo, Web Design, Embalagem, Ambientes, Editorial, &#8220;Motion Graphics&#8221;, &#8220;Mobile Design&#8221;<\/p>\n","protected":false},"author":1,"featured_media":0,"parent":0,"menu_order":0,"comment_status":"closed","ping_status":"closed","template":"","meta":{"footnotes":""},"class_list":["post-7","page","type-page","status-publish","hentry"],"_links":{"self":[{"href":"https:\/\/muncle.pt\/pt\/wp-json\/wp\/v2\/pages\/7","targetHints":{"allow":["GET"]}}],"collection":[{"href":"https:\/\/muncle.pt\/pt\/wp-json\/wp\/v2\/pages"}],"about":[{"href":"https:\/\/muncle.pt\/pt\/wp-json\/wp\/v2\/types\/page"}],"author":[{"embeddable":true,"href":"https:\/\/muncle.pt\/pt\/wp-json\/wp\/v2\/users\/1"}],"replies":[{"embeddable":true,"href":"https:\/\/muncle.pt\/pt\/wp-json\/wp\/v2\/comments?post=7"}],"version-history":[{"count":8,"href":"https:\/\/muncle.pt\/pt\/wp-json\/wp\/v2\/pages\/7\/revisions"}],"predecessor-version":[{"id":276,"href":"https:\/\/muncle.pt\/pt\/wp-json\/wp\/v2\/pages\/7\/revisions\/276"}],"wp:attachment":[{"href":"https:\/\/muncle.pt\/pt\/wp-json\/wp\/v2\/media?parent=7"}],"curies":[{"name":"wp","href":"https:\/\/api.w.org\/{rel}","templated":true}]}}