{"id":178,"date":"2018-06-04T11:29:51","date_gmt":"2018-06-04T11:29:51","guid":{"rendered":"https:\/\/muncle.pt\/pt\/?page_id=178"},"modified":"2018-06-04T11:56:15","modified_gmt":"2018-06-04T11:56:15","slug":"politica-de-privacidade","status":"publish","type":"page","link":"https:\/\/muncle.pt\/pt\/politica-de-privacidade\/","title":{"rendered":"Pol\u00edtica de privacidade"},"content":{"rendered":"<h2>Pol\u00edtica de Privacidade<\/h2>\n<div class=\"page\" title=\"Page 1\">\n<div class=\"section\">\n<div class=\"layoutArea\">\n<div class=\"column\">\n<p>1 &#8211; Introdu\u00e7\u00e3o<\/p>\n<p>Estamos empenhados no respeito pela privacidade e confidencialidade dos dados pessoais que lhe s\u00e3o disponibilizados e por isso nesta Pol\u00edtica de Privacidade encontra informa\u00e7\u00e3o sobre a forma como os mesmos s\u00e3o tratados em conformidade com o Regulamento Geral de Protec\u00e7\u00e3o de Dados. Adoptamos medidas administrativas e tecnol\u00f3gicas para cumprir com o novo Regulamento Geral de Protec\u00e7\u00e3o de Dados.<\/p>\n<p>A utiliza\u00e7\u00e3o deste website rege-se pelos termos e condi\u00e7\u00f5es a seguir indicados e que o utilizador se obriga a respeitar na \u00edntegra. O utilizador n\u00e3o dever\u00e1 utilizar este website caso n\u00e3o concorde com estes termos e condi\u00e7\u00f5es.<\/p>\n<p>2 &#8211; O seu consentimento<\/p>\n<p>Ao utilizar o nosso website e as nossas plataformas, concorda com nossa Pol\u00edtica de Privacidade.<\/p>\n<p>3 &#8211; Porque tratamos os dados pessoais?<\/p>\n<p>Os dados pessoais recolhidos destinam-se, fundamentalmente, \u00e0 resposta a pedidos de informa\u00e7\u00e3o e contacto, contudo, com o seu consentimento, ser tamb\u00e9m usados na divulga\u00e7\u00e3o de novos produtos e servi\u00e7os e de not\u00edcias sobre a empresa, na realiza\u00e7\u00e3o de inqu\u00e9ritos de avalia\u00e7\u00e3o e em a\u00e7\u00f5es de informa\u00e7\u00e3o legalmente obrigat\u00f3rias.<\/p>\n<p>4 &#8211; Que dados pessoais s\u00e3o recolhidos?<\/p>\n<p>Normalmente, os dados pessoais recolhidos limitam-se ao Nome, Morada, N\u00famero de Telefone \/ Telem\u00f3vel, N\u00famero de Contribuinte, Endere\u00e7o de E-mail, mas poder\u00e3o ser recolhidos outros dados necess\u00e1rios ao fornecimento de produtos ou servi\u00e7os.<\/p>\n<p>Adicionalmente, quando s\u00e3o realizados envios de emails s\u00e3o recolhidos dados estat\u00edsticos que permitem conhecer o comportamento de cada subscritor face ao email recebido.<\/p>\n<\/div>\n<\/div>\n<\/div>\n<\/div>\n<div class=\"page\" title=\"Page 2\">\n<div class=\"section\">\n<div class=\"layoutArea\">\n<div class=\"column\">\n<p>5 &#8211; Como s\u00e3o recolhidos os dados pessoais?<\/p>\n<p>Em geral, os dados pessoais s\u00e3o recolhidos aquando da subscri\u00e7\u00e3o de um dos nossos produtos ou servi\u00e7os, sendo que alguns dos dados pessoais s\u00e3o de fornecimento obrigat\u00f3rio para a presta\u00e7\u00e3o do servi\u00e7o.<\/p>\n<p>Tamb\u00e9m recolhemos os seus dados quando subscreve o envio de newsletters, para responder \u00e0s suas mensagens e pedidos de informa\u00e7\u00e3o, para analisar e formalizar a sua candidatura a parceiro ou a colaborador, para as opera\u00e7\u00f5es e gest\u00e3o do website, para preven\u00e7\u00e3o de fraudes e para manter um registo dos seus detalhes de contacto.<\/p>\n<p>Respeitamos sempre o seu direito \u00e0 privacidade e n\u00e3o recolhemos qualquer informa\u00e7\u00e3o pessoal sobre si sem o seu consentimento pr\u00e9vio e expl\u00edcito. Os seus dados pessoais n\u00e3o ser\u00e3o reutilizados para outras finalidades que sejam previamente identificadas ou que n\u00e3o tenham qualquer rela\u00e7\u00e3o com aquelas finalidades para as quais foram inicialmente recolhidos.<\/p>\n<p>Todavia a disponibiliza\u00e7\u00e3o de dados incorretos ou inexatos \u00e9 da sua exclusiva responsabilidade.<\/p>\n<p>6 &#8211; Dados de menores<\/p>\n<p>O website n\u00e3o \u00e9 dirigido a menores de 16 anos, pelo que solicitamos que estes menores n\u00e3o utilizem o website e n\u00e3o nos forne\u00e7am dados pessoais atrav\u00e9s do mesmo.<\/p>\n<p>7 &#8211; Dados sens\u00edveis<\/p>\n<p>Solicitamos de forma expressa, que n\u00e3o nos envie e n\u00e3o nos d\u00ea a conhecer quaisquer dados pessoais sens\u00edveis, ou seja, informa\u00e7\u00f5es que revelem a origem racial ou \u00e9tnica, opini\u00f5es pol\u00edticas, cren\u00e7as religiosas ou filos\u00f3ficas, associa\u00e7\u00e3o sindical, informa\u00e7\u00f5es gen\u00e9ticas, informa\u00e7\u00f5es biom\u00e9tricas, dados relativos \u00e0 sa\u00fade ou dados relativos a vida sexual de uma pessoa natural ou a orienta\u00e7\u00e3o sexual. Esses dados pessoais ser\u00e3o imediatamente apagados.<\/p>\n<p>8 &#8211; Qual o per\u00edodo de conserva\u00e7\u00e3o de dados pessoais?<\/p>\n<p>Cabe-nos referir que os dados pessoais que nos fornece ser\u00e3o conservados at\u00e9 um per\u00edodo m\u00e1ximo de dez anos.<\/p>\n<\/div>\n<\/div>\n<\/div>\n<\/div>\n<div class=\"page\" title=\"Page 3\">\n<div class=\"section\">\n<div class=\"layoutArea\">\n<div class=\"column\">\n<p>No entanto, em determinados casos poderemos conservar os dados durante per\u00edodos mais longos, nomeadamente quando a Lei assim o impuser.<\/p>\n<p>9 &#8211; Direito de acesso, rectifica\u00e7\u00e3o e actualiza\u00e7\u00e3o de dados<\/p>\n<p>Nos termos da legisla\u00e7\u00e3o aplic\u00e1vel, \u00e9-lhe garantido, na qualidade de titular dos dados, o direito, a qualquer momento, de aceder aos seus dados pessoais, solicitar a sua retifica\u00e7\u00e3o ou aditamento, opor-se ao tratamento dos dados, com exce\u00e7\u00e3o dos estritamente necess\u00e1rios \u00e0 presta\u00e7\u00e3o do servi\u00e7o e\/ou solicitar a portabilidade dos dados, requerer a elimina\u00e7\u00e3o dos seus dados para fins de marketing ou telemarketing ou inclus\u00e3o em listas de assinantes e servi\u00e7os informativos.<\/p>\n<p>Poder\u00e1 requerer qualquer uma das a\u00e7\u00f5es acima mencionadas atrav\u00e9s da nossa p\u00e1gina de contactos presente no website, utilizando o meio mais conveniente e acess\u00edvel \u00e0s suas necessidades, estabelecendo comunica\u00e7\u00e3o connosco atrav\u00e9s da nossa morada, telefone ou e-mail presentes no link:<\/p>\n<p><a href=\"https:\/\/designbinario.com\/pt\/contatos\">Contactos<\/a><\/p>\n<p>Caso nos solicite a elimina\u00e7\u00e3o de alguns dos seus dados pessoais ou da sua totalidade, alguns dos servi\u00e7os solicitados poder\u00e3o n\u00e3o lhe ser prestados, conservando os dados pessoais necess\u00e1rios para o cumprimento das suas obriga\u00e7\u00f5es legais.<\/p>\n<p>Reservamos o direito de solicitar acesso a elementos identificativos do autor do pedido em ordem a comprovar a respectiva identidade.<\/p>\n<p>10 &#8211; Divulga\u00e7\u00e3o de informa\u00e7\u00e3o a terceiros<\/p>\n<p>N\u00e3o vendemos ou comercializamos os seus dados.<\/p>\n<p>No \u00e2mbito da sua atividade, poderemos recorrer a terceiros para a presta\u00e7\u00e3o de determinados servi\u00e7os, o que poder\u00e1 implicar o acesso, por estas entidades, a dados pessoais dos nossos utilizadores e clientes. Quando tal sucede, tomamos todas as precau\u00e7\u00f5es adequadas, impondo contratualmente a estas entidades que ponham em pr\u00e1tica as medidas t\u00e9cnicas e organizacionais adequadas para obstar a qualquer tratamento il\u00edcito dos dados e para assegurar a sua disponibilidade, integridade e confidencialidade.<\/p>\n<p>Os dados pessoais tamb\u00e9m poder\u00e3o ser disponibilizados aos tribunais e \u00e0s demais autoridades competentes, no estrito cumprimento do disposto na lei, designadamente\u00a0<span style=\"font-size: 1rem;\">quando se revelem necess\u00e1rios para a resolu\u00e7\u00e3o de lit\u00edgios relativos \u00e0 fatura\u00e7\u00e3o e para atividades relativas \u00e0 prote\u00e7\u00e3o da seguran\u00e7a p\u00fablica, da defesa e seguran\u00e7a do Estado e \u00e0 preven\u00e7\u00e3o, investiga\u00e7\u00e3o ou dete\u00e7\u00e3o de il\u00edcitos criminais.<\/span><\/p>\n<\/div>\n<\/div>\n<\/div>\n<\/div>\n<div class=\"page\" title=\"Page 4\">\n<div class=\"section\">\n<div class=\"layoutArea\">\n<div class=\"column\">\n<p>11 &#8211; Seguran\u00e7a<\/p>\n<p>Assegurar a confidencialidade, integridade e disponibilidade dos dados \u00e9 um compromisso que assumimos para com todos os nossos clientes e utilizadores.<\/p>\n<p>Nesse sentido seguimos as melhores pr\u00e1ticas de gest\u00e3o de seguran\u00e7a da informa\u00e7\u00e3o, exigindo aos nossos colaboradores o cumprimento estrito das rigorosas normas, asseguramento da seguran\u00e7a dos dados pessoais que nos sejam comunicados, n\u00e3o podendo utilizar tais dados para quaisquer outras finalidades que n\u00e3o as definidas no contrato, nem correlacion\u00e1-los com outros dados que se encontrem na sua disponibilidade.<\/p>\n<p>Alertamos para o facto de os dados que circulam na Internet n\u00e3o estarem totalmente protegidos contra desvios eventuais, sendo a comunica\u00e7\u00e3o de senhas de acesso, passwords, c\u00f3digos confidenciais e de qualquer informa\u00e7\u00e3o sens\u00edvel efetuada sob a sua inteira responsabilidade.<\/p>\n<p>12 &#8211; Cookies<\/p>\n<div>A Muncle utiliza nos seus s\u00edtios eletr\u00f3nicos cookies que permitem melhorar o desempenho e a experi\u00eancia de navega\u00e7\u00e3o dos seus Utilizadores, aumentando, por um lado, a rapidez e efici\u00eancia de resposta e, por outro, eliminando a necessidade de introduzir repetidamente as mesmas informa\u00e7\u00f5es.<\/div>\n<div>A coloca\u00e7\u00e3o de <em>cookies <\/em>n\u00e3o s\u00f3 ajuda os s\u00edtios eletr\u00f3nicos a reconhecer o dispositivo do Utilizador na visita seguinte mas tamb\u00e9m, com frequ\u00eancia, para o correto funcionamento do mesmo.<\/div>\n<div>Os <em>cookies <\/em>utilizados nos portais da Muncle s\u00e3o os seguintes:<\/div>\n<div>\u2022 Essenciais &#8211; necess\u00e1rios \u00e0 navega\u00e7\u00e3o no s\u00edtio eletr\u00f3nico<\/div>\n<div>\u2022 Anal\u00edticos &#8211; necess\u00e1rios \u00e0 recolha de informa\u00e7\u00e3o para an\u00e1lise estat\u00edstica da navega\u00e7\u00e3o e utiliza\u00e7\u00e3o do s\u00edtio eletr\u00f3nico, nomeadamente:<\/div>\n<div>&#8211; <em>Google<\/em><\/div>\n<div>\u2022 Redes Sociais &#8211; possibilidade de intera\u00e7\u00e3o com redes sociais, nomeadamente:<\/div>\n<div>&#8211; <em>Facebook<\/em>;<\/div>\n<div>&#8211; <em>Instagram<\/em>;<\/div>\n<div><\/div>\n<div>Os metadados gerados pela utiliza\u00e7\u00e3o dos cookies podem ser enviados para terceiros para an\u00e1lise de tend\u00eancias, rastreio da navega\u00e7\u00e3o de usu\u00e1rios nos s\u00edtios e desempenho dos mesmos, sem contudo identificar qualquer pessoa.<\/div>\n<div><\/div>\n<\/div>\n<\/div>\n<\/div>\n<\/div>\n<div class=\"page\" title=\"Page 5\">\n<div class=\"section\">\n<div class=\"layoutArea\">\n<div class=\"column\">\n<p>&nbsp;<\/p>\n<p>13 &#8211; Links para websites terceiros<\/p>\n<p>Os links constantes deste website podem conduzir a outros websites. N\u00e3o nos responsabilizamos, aprovamos ou por qualquer forma apoiamos ou subscrevemos o conte\u00fado desses websites, nem dos websites com eles ligados ou neles referidos.<\/p>\n<p>14 &#8211; Altera\u00e7\u00f5es \u00e0 pol\u00edtica de privacidade<\/p>\n<p>Reservamo-nos o direito de modificar esta pol\u00edtica de privacidade a qualquer momento, pelo que aconselhamos a sua consulta com regularidade.<\/p>\n<p>Todas as mudan\u00e7as entrar\u00e3o em vigor imediatamente ap\u00f3s sua publica\u00e7\u00e3o no website.<\/p>\n<p>Se se op\u00f5e \u00e0s mudan\u00e7as na nossa pol\u00edtica de privacidade, dever\u00e1 deixar de utilizar os nossos servi\u00e7os, inclusive o website.<\/p>\n<\/div>\n<\/div>\n<\/div>\n<\/div>\n<div class=\"page\" title=\"Page 6\">\n<div class=\"section\">\n<div class=\"layoutArea\">\n<div class=\"column\">\n<p>15 &#8211; Disposi\u00e7\u00f5es gerais<\/p>\n<p>N\u00e3o nos responsabilizamos por danos resultantes de v\u00edrus que possam infectar o computador ou a rede do utilizador, ou outros bens, em virtude do acesso ao nosso website com transfer\u00eancia de conte\u00fados deste para o computador ou rede do utilizador.<\/p>\n<p>16 &#8211; Contactos, d\u00favidas e quest\u00f5es<\/p>\n<p>Se tiver alguma d\u00favida ou quest\u00e3o, ou se deseja atualizar, excluir ou alterar qualquer informa\u00e7\u00e3o pessoal que possuamos relacionada consigo, ou se tem uma preocupa\u00e7\u00e3o sobre a maneira como lidamos com qualquer quest\u00e3o de privacidade, atrav\u00e9s da nossa p\u00e1gina de contactos presente no website, utilizando o meio mais conveniente e acess\u00edvel \u00e0s suas necessidades, estabelecendo comunica\u00e7\u00e3o connosco atrav\u00e9s da nossa morada, telefone ou e-mail presentes no link:<\/p>\n<p><a href=\"https:\/\/muncle.pt\/pt\/contacto\/\">Contactos<\/a>\u00a0\u200b<\/p>\n<\/div>\n<\/div>\n<\/div>\n<\/div>\n","protected":false},"excerpt":{"rendered":"<p>Pol\u00edtica de Privacidade 1 &#8211; Introdu\u00e7\u00e3o Estamos empenhados no respeito pela privacidade e confidencialidade dos dados pessoais que lhe s\u00e3o disponibilizados e por isso nesta Pol\u00edtica de Privacidade encontra informa\u00e7\u00e3o sobre a forma como os mesmos s\u00e3o tratados em conformidade com o Regulamento Geral de Protec\u00e7\u00e3o de Dados. Adoptamos medidas administrativas e tecnol\u00f3gicas para cumprir &hellip; <\/p>\n<p class=\"link-more\"><a href=\"https:\/\/muncle.pt\/pt\/politica-de-privacidade\/\" class=\"more-link\">Continuar a ler <span class=\"screen-reader-text\">&#8220;Pol\u00edtica de privacidade&#8221;<\/span><\/a><\/p>\n","protected":false},"author":1,"featured_media":0,"parent":0,"menu_order":0,"comment_status":"closed","ping_status":"closed","template":"","meta":{"footnotes":""},"class_list":["post-178","page","type-page","status-publish","hentry"],"_links":{"self":[{"href":"https:\/\/muncle.pt\/pt\/wp-json\/wp\/v2\/pages\/178","targetHints":{"allow":["GET"]}}],"collection":[{"href":"https:\/\/muncle.pt\/pt\/wp-json\/wp\/v2\/pages"}],"about":[{"href":"https:\/\/muncle.pt\/pt\/wp-json\/wp\/v2\/types\/page"}],"author":[{"embeddable":true,"href":"https:\/\/muncle.pt\/pt\/wp-json\/wp\/v2\/users\/1"}],"replies":[{"embeddable":true,"href":"https:\/\/muncle.pt\/pt\/wp-json\/wp\/v2\/comments?post=178"}],"version-history":[{"count":7,"href":"https:\/\/muncle.pt\/pt\/wp-json\/wp\/v2\/pages\/178\/revisions"}],"predecessor-version":[{"id":188,"href":"https:\/\/muncle.pt\/pt\/wp-json\/wp\/v2\/pages\/178\/revisions\/188"}],"wp:attachment":[{"href":"https:\/\/muncle.pt\/pt\/wp-json\/wp\/v2\/media?parent=178"}],"curies":[{"name":"wp","href":"https:\/\/api.w.org\/{rel}","templated":true}]}}